{"id":5269,"date":"2025-03-18T09:51:46","date_gmt":"2025-03-18T02:51:46","guid":{"rendered":"https:\/\/pandaspa.vn\/?page_id=5269"},"modified":"2026-03-17T23:18:30","modified_gmt":"2026-03-17T16:18:30","slug":"panda-spa-da-nang","status":"publish","type":"page","link":"https:\/\/pandaspa.vn\/ru\/","title":{"rendered":"\u0413\u043b\u0430\u0432\u043d\u0430\u044f \u0441\u0442\u0440\u0430\u043d\u0438\u0446\u0430"},"content":{"rendered":"<p><\/p>\n<div id=\"ACBC4197_CF72_E970_D657_023A77A14554\"><\/div>\n<p>&nbsp;<\/p>\n<div id=\"ACBC4197_CF72_E970_D657_023A77A14554\"><\/div>\n<div id=\"ACBC4197_CF72_E970_D657_023A77A14554\"><\/div>\n<p><\/p>","protected":false},"excerpt":{"rendered":"<p>&nbsp;<\/p>\n","protected":false},"author":1,"featured_media":8536,"parent":0,"menu_order":4,"comment_status":"closed","ping_status":"closed","template":"page-home.php","meta":{"_acf_changed":false,"inline_featured_image":false,"footnotes":""},"class_list":["post-5269","page","type-page","status-publish","has-post-thumbnail","hentry"],"acf":[],"yoast_head":"<!-- This site is optimized with the Yoast SEO plugin v23.0 - https:\/\/yoast.com\/wordpress\/plugins\/seo\/ -->\n<title>(English) Panda Spa &amp; Massage \u0110\u00e0 N\u1eb5ng<\/title>\n<meta name=\"description\" content=\"(English) Kh\u00e1m ph\u00e1 Panda Spa Massage \u0110\u00e0 N\u1eb5ng - D\u1ecbch v\u1ee5 th\u01b0 gi\u00e3n cao c\u1ea5p, massage body, ch\u0103m s\u00f3c da m\u1eb7t. \u0110\u1eb7t l\u1ecbch ngay \u0111\u1ec3 tr\u1ea3i nghi\u1ec7m kh\u00f4ng gian sang tr\u1ecdng g\u1ea7n bi\u1ec3n M\u1ef9 Kh\u00ea!\" \/>\n<meta name=\"robots\" content=\"index, follow, max-snippet:-1, max-image-preview:large, max-video-preview:-1\" \/>\n<link rel=\"canonical\" href=\"https:\/\/pandaspa.vn\/\" \/>\n<meta property=\"og:locale\" content=\"ru_RU\" \/>\n<meta property=\"og:type\" content=\"article\" \/>\n<meta property=\"og:title\" content=\"Panda Spa Da Nang\" \/>\n<meta property=\"og:description\" content=\"{:en}Tr\u1ea3i nghi\u1ec7m spa massage \u0111\u1ec9nh cao t\u1ea1i Panda Spa \u0110\u00e0 N\u1eb5ng \u2013 kh\u00f4ng gian sang tr\u1ecdng, li\u1ec7u tr\u00ecnh th\u01b0 gi\u00e3n, ph\u1ee5c h\u1ed3i n\u0103ng l\u01b0\u1ee3ng ch\u1ec9 trong 60 ph\u00fat!{:}\" \/>\n<meta property=\"og:url\" content=\"https:\/\/pandaspa.vn\/\" \/>\n<meta property=\"og:site_name\" content=\"Panda Spa\" \/>\n<meta property=\"article:publisher\" content=\"https:\/\/www.facebook.com\/danangpandaspa\" \/>\n<meta property=\"article:modified_time\" content=\"2026-03-17T16:18:30+00:00\" \/>\n<meta property=\"og:image\" content=\"https:\/\/pandaspa.vn\/wp-content\/uploads\/2025\/06\/spa-massage-da-nang.jpg\" \/>\n\t<meta property=\"og:image:width\" content=\"1528\" \/>\n\t<meta property=\"og:image:height\" content=\"1281\" \/>\n\t<meta property=\"og:image:type\" content=\"image\/jpeg\" \/>\n<meta name=\"twitter:card\" content=\"summary_large_image\" \/>\n<meta name=\"twitter:site\" content=\"@pandaspadana\" \/>\n<meta name=\"twitter:label1\" content=\"\u041f\u0440\u0438\u043c\u0435\u0440\u043d\u043e\u0435 \u0432\u0440\u0435\u043c\u044f \u0434\u043b\u044f \u0447\u0442\u0435\u043d\u0438\u044f\" \/>\n\t<meta name=\"twitter:data1\" content=\"17 \u043c\u0438\u043d\u0443\u0442\" \/>\n<script type=\"application\/ld+json\" class=\"yoast-schema-graph\">{\"@context\":\"https:\/\/schema.org\",\"@graph\":[{\"@type\":\"WebPage\",\"@id\":\"https:\/\/pandaspa.vn\/\",\"url\":\"https:\/\/pandaspa.vn\/\",\"name\":\"[:en]Panda Spa & Massage \u0110\u00e0 N\u1eb5ng[:vi]Panda Spa & Massage \u0110\u00e0 N\u1eb5ng[:]\",\"isPartOf\":{\"@id\":\"https:\/\/pandaspa.vn\/#website\"},\"primaryImageOfPage\":{\"@id\":\"https:\/\/pandaspa.vn\/#primaryimage\"},\"image\":{\"@id\":\"https:\/\/pandaspa.vn\/#primaryimage\"},\"thumbnailUrl\":\"https:\/\/pandaspa.vn\/wp-content\/uploads\/2025\/08\/Dia-Chi-Massage-Aroma-Da-Nang-Uy-Tin-.jpg\",\"datePublished\":\"2025-03-18T02:51:46+00:00\",\"dateModified\":\"2026-03-17T16:18:30+00:00\",\"description\":\"{:en}Kh\u00e1m ph\u00e1 Panda Spa Massage \u0110\u00e0 N\u1eb5ng - D\u1ecbch v\u1ee5 th\u01b0 gi\u00e3n cao c\u1ea5p, massage body, ch\u0103m s\u00f3c da m\u1eb7t. \u0110\u1eb7t l\u1ecbch ngay \u0111\u1ec3 tr\u1ea3i nghi\u1ec7m kh\u00f4ng gian sang tr\u1ecdng g\u1ea7n bi\u1ec3n M\u1ef9 Kh\u00ea!{:vi}Kh\u00e1m ph\u00e1 Panda Spa Massage \u0110\u00e0 N\u1eb5ng - D\u1ecbch v\u1ee5 th\u01b0 gi\u00e3n cao c\u1ea5p, massage body, ch\u0103m s\u00f3c da m\u1eb7t. \u0110\u1eb7t l\u1ecbch ngay \u0111\u1ec3 tr\u1ea3i nghi\u1ec7m kh\u00f4ng gian sang tr\u1ecdng g\u1ea7n bi\u1ec3n M\u1ef9 Kh\u00ea!{:}\",\"breadcrumb\":{\"@id\":\"https:\/\/pandaspa.vn\/#breadcrumb\"},\"inLanguage\":\"ru-RU\",\"potentialAction\":[{\"@type\":\"ReadAction\",\"target\":[\"https:\/\/pandaspa.vn\/\"]}]},{\"@type\":\"ImageObject\",\"inLanguage\":\"ru-RU\",\"@id\":\"https:\/\/pandaspa.vn\/#primaryimage\",\"url\":\"https:\/\/pandaspa.vn\/wp-content\/uploads\/2025\/08\/Dia-Chi-Massage-Aroma-Da-Nang-Uy-Tin-.jpg\",\"contentUrl\":\"https:\/\/pandaspa.vn\/wp-content\/uploads\/2025\/08\/Dia-Chi-Massage-Aroma-Da-Nang-Uy-Tin-.jpg\",\"width\":800,\"height\":500,\"caption\":\"spa massage da nang\"},{\"@type\":\"BreadcrumbList\",\"@id\":\"https:\/\/pandaspa.vn\/#breadcrumb\",\"itemListElement\":[{\"@type\":\"ListItem\",\"position\":1,\"name\":\"\uc9d1\",\"item\":\"https:\/\/pandaspa.vn\/\"},{\"@type\":\"ListItem\",\"position\":2,\"name\":\"Panda Spa &#8211; \u0110\u1ecba ch\u1ec9 Spa Massage t\u1ea1i \u0110\u00e0 N\u1eb5ng Uy T\u00edn, Ch\u1ea5t L\u01b0\u1ee3ng H\u00e0ng \u0110\u1ea7u\"}]},{\"@type\":\"WebSite\",\"@id\":\"https:\/\/pandaspa.vn\/#website\",\"url\":\"https:\/\/pandaspa.vn\/\",\"name\":\"Panda Spa\",\"description\":\"(English) The Good Spa &amp; BEST Massage in Da Nang\",\"publisher\":{\"@id\":\"https:\/\/pandaspa.vn\/#organization\"},\"potentialAction\":[{\"@type\":\"SearchAction\",\"target\":{\"@type\":\"EntryPoint\",\"urlTemplate\":\"https:\/\/pandaspa.vn\/?s={search_term_string}\"},\"query-input\":\"required name=search_term_string\"}],\"inLanguage\":\"ru-RU\"},{\"@type\":\"Organization\",\"@id\":\"https:\/\/pandaspa.vn\/#organization\",\"name\":\"Panda Spa Da Nang\",\"url\":\"https:\/\/pandaspa.vn\/\",\"logo\":{\"@type\":\"ImageObject\",\"inLanguage\":\"ru-RU\",\"@id\":\"https:\/\/pandaspa.vn\/#\/schema\/logo\/image\/\",\"url\":\"https:\/\/pandaspa.vn\/wp-content\/uploads\/2025\/04\/pandaspa-massage-da-nang.jpg\",\"contentUrl\":\"https:\/\/pandaspa.vn\/wp-content\/uploads\/2025\/04\/pandaspa-massage-da-nang.jpg\",\"width\":1000,\"height\":1000,\"caption\":\"Panda Spa Da Nang\"},\"image\":{\"@id\":\"https:\/\/pandaspa.vn\/#\/schema\/logo\/image\/\"},\"sameAs\":[\"https:\/\/www.facebook.com\/danangpandaspa\",\"https:\/\/x.com\/pandaspadana\",\"https:\/\/www.instagram.com\/pandaspa.danang\/\",\"https:\/\/www.linkedin.com\/in\/pandaspadanang\/\",\"https:\/\/myspace.com\/pandaspadanang\/\",\"https:\/\/www.pinterest.com\/pandaspadanang\/\",\"https:\/\/www.youtube.com\/channel\/UCLIAR7yGKmHWag343CPQ9rA\"]}]}<\/script>\n<!-- \/ Yoast SEO plugin. -->","yoast_head_json":{"title":"(English) Panda Spa & Massage \u0110\u00e0 N\u1eb5ng","description":"(English) Kh\u00e1m ph\u00e1 Panda Spa Massage \u0110\u00e0 N\u1eb5ng - D\u1ecbch v\u1ee5 th\u01b0 gi\u00e3n cao c\u1ea5p, massage body, ch\u0103m s\u00f3c da m\u1eb7t. \u0110\u1eb7t l\u1ecbch ngay \u0111\u1ec3 tr\u1ea3i nghi\u1ec7m kh\u00f4ng gian sang tr\u1ecdng g\u1ea7n bi\u1ec3n M\u1ef9 Kh\u00ea!","robots":{"index":"index","follow":"follow","max-snippet":"max-snippet:-1","max-image-preview":"max-image-preview:large","max-video-preview":"max-video-preview:-1"},"canonical":"https:\/\/pandaspa.vn\/","og_locale":"ru_RU","og_type":"article","og_title":"Panda Spa Da Nang","og_description":"{:en}Tr\u1ea3i nghi\u1ec7m spa massage \u0111\u1ec9nh cao t\u1ea1i Panda Spa \u0110\u00e0 N\u1eb5ng \u2013 kh\u00f4ng gian sang tr\u1ecdng, li\u1ec7u tr\u00ecnh th\u01b0 gi\u00e3n, ph\u1ee5c h\u1ed3i n\u0103ng l\u01b0\u1ee3ng ch\u1ec9 trong 60 ph\u00fat!{:}","og_url":"https:\/\/pandaspa.vn\/","og_site_name":"Panda Spa","article_publisher":"https:\/\/www.facebook.com\/danangpandaspa","article_modified_time":"2026-03-17T16:18:30+00:00","og_image":[{"width":1528,"height":1281,"url":"https:\/\/pandaspa.vn\/wp-content\/uploads\/2025\/06\/spa-massage-da-nang.jpg","type":"image\/jpeg"}],"twitter_card":"summary_large_image","twitter_site":"@pandaspadana","twitter_misc":{"\u041f\u0440\u0438\u043c\u0435\u0440\u043d\u043e\u0435 \u0432\u0440\u0435\u043c\u044f \u0434\u043b\u044f \u0447\u0442\u0435\u043d\u0438\u044f":"17 \u043c\u0438\u043d\u0443\u0442"},"schema":{"@context":"https:\/\/schema.org","@graph":[{"@type":"WebPage","@id":"https:\/\/pandaspa.vn\/","url":"https:\/\/pandaspa.vn\/","name":"[:en]Panda Spa & Massage \u0110\u00e0 N\u1eb5ng[:vi]Panda Spa & Massage \u0110\u00e0 N\u1eb5ng[:]","isPartOf":{"@id":"https:\/\/pandaspa.vn\/#website"},"primaryImageOfPage":{"@id":"https:\/\/pandaspa.vn\/#primaryimage"},"image":{"@id":"https:\/\/pandaspa.vn\/#primaryimage"},"thumbnailUrl":"https:\/\/pandaspa.vn\/wp-content\/uploads\/2025\/08\/Dia-Chi-Massage-Aroma-Da-Nang-Uy-Tin-.jpg","datePublished":"2025-03-18T02:51:46+00:00","dateModified":"2026-03-17T16:18:30+00:00","description":"{:en}Kh\u00e1m ph\u00e1 Panda Spa Massage \u0110\u00e0 N\u1eb5ng - D\u1ecbch v\u1ee5 th\u01b0 gi\u00e3n cao c\u1ea5p, massage body, ch\u0103m s\u00f3c da m\u1eb7t. \u0110\u1eb7t l\u1ecbch ngay \u0111\u1ec3 tr\u1ea3i nghi\u1ec7m kh\u00f4ng gian sang tr\u1ecdng g\u1ea7n bi\u1ec3n M\u1ef9 Kh\u00ea!{:vi}Kh\u00e1m ph\u00e1 Panda Spa Massage \u0110\u00e0 N\u1eb5ng - D\u1ecbch v\u1ee5 th\u01b0 gi\u00e3n cao c\u1ea5p, massage body, ch\u0103m s\u00f3c da m\u1eb7t. \u0110\u1eb7t l\u1ecbch ngay \u0111\u1ec3 tr\u1ea3i nghi\u1ec7m kh\u00f4ng gian sang tr\u1ecdng g\u1ea7n bi\u1ec3n M\u1ef9 Kh\u00ea!{:}","breadcrumb":{"@id":"https:\/\/pandaspa.vn\/#breadcrumb"},"inLanguage":"ru-RU","potentialAction":[{"@type":"ReadAction","target":["https:\/\/pandaspa.vn\/"]}]},{"@type":"ImageObject","inLanguage":"ru-RU","@id":"https:\/\/pandaspa.vn\/#primaryimage","url":"https:\/\/pandaspa.vn\/wp-content\/uploads\/2025\/08\/Dia-Chi-Massage-Aroma-Da-Nang-Uy-Tin-.jpg","contentUrl":"https:\/\/pandaspa.vn\/wp-content\/uploads\/2025\/08\/Dia-Chi-Massage-Aroma-Da-Nang-Uy-Tin-.jpg","width":800,"height":500,"caption":"spa massage da nang"},{"@type":"BreadcrumbList","@id":"https:\/\/pandaspa.vn\/#breadcrumb","itemListElement":[{"@type":"ListItem","position":1,"name":"\uc9d1","item":"https:\/\/pandaspa.vn\/"},{"@type":"ListItem","position":2,"name":"Panda Spa &#8211; \u0110\u1ecba ch\u1ec9 Spa Massage t\u1ea1i \u0110\u00e0 N\u1eb5ng Uy T\u00edn, Ch\u1ea5t L\u01b0\u1ee3ng H\u00e0ng \u0110\u1ea7u"}]},{"@type":"WebSite","@id":"https:\/\/pandaspa.vn\/#website","url":"https:\/\/pandaspa.vn\/","name":"Panda Spa","description":"(English) The Good Spa &amp; BEST Massage in Da Nang","publisher":{"@id":"https:\/\/pandaspa.vn\/#organization"},"potentialAction":[{"@type":"SearchAction","target":{"@type":"EntryPoint","urlTemplate":"https:\/\/pandaspa.vn\/?s={search_term_string}"},"query-input":"required name=search_term_string"}],"inLanguage":"ru-RU"},{"@type":"Organization","@id":"https:\/\/pandaspa.vn\/#organization","name":"Panda Spa Da Nang","url":"https:\/\/pandaspa.vn\/","logo":{"@type":"ImageObject","inLanguage":"ru-RU","@id":"https:\/\/pandaspa.vn\/#\/schema\/logo\/image\/","url":"https:\/\/pandaspa.vn\/wp-content\/uploads\/2025\/04\/pandaspa-massage-da-nang.jpg","contentUrl":"https:\/\/pandaspa.vn\/wp-content\/uploads\/2025\/04\/pandaspa-massage-da-nang.jpg","width":1000,"height":1000,"caption":"Panda Spa Da Nang"},"image":{"@id":"https:\/\/pandaspa.vn\/#\/schema\/logo\/image\/"},"sameAs":["https:\/\/www.facebook.com\/danangpandaspa","https:\/\/x.com\/pandaspadana","https:\/\/www.instagram.com\/pandaspa.danang\/","https:\/\/www.linkedin.com\/in\/pandaspadanang\/","https:\/\/myspace.com\/pandaspadanang\/","https:\/\/www.pinterest.com\/pandaspadanang\/","https:\/\/www.youtube.com\/channel\/UCLIAR7yGKmHWag343CPQ9rA"]}]}},"_links":{"self":[{"href":"https:\/\/pandaspa.vn\/ru\/wp-json\/wp\/v2\/pages\/5269","targetHints":{"allow":["GET"]}}],"collection":[{"href":"https:\/\/pandaspa.vn\/ru\/wp-json\/wp\/v2\/pages"}],"about":[{"href":"https:\/\/pandaspa.vn\/ru\/wp-json\/wp\/v2\/types\/page"}],"author":[{"embeddable":true,"href":"https:\/\/pandaspa.vn\/ru\/wp-json\/wp\/v2\/users\/1"}],"replies":[{"embeddable":true,"href":"https:\/\/pandaspa.vn\/ru\/wp-json\/wp\/v2\/comments?post=5269"}],"version-history":[{"count":53,"href":"https:\/\/pandaspa.vn\/ru\/wp-json\/wp\/v2\/pages\/5269\/revisions"}],"predecessor-version":[{"id":16110,"href":"https:\/\/pandaspa.vn\/ru\/wp-json\/wp\/v2\/pages\/5269\/revisions\/16110"}],"wp:featuredmedia":[{"embeddable":true,"href":"https:\/\/pandaspa.vn\/ru\/wp-json\/wp\/v2\/media\/8536"}],"wp:attachment":[{"href":"https:\/\/pandaspa.vn\/ru\/wp-json\/wp\/v2\/media?parent=5269"}],"curies":[{"name":"wp","href":"https:\/\/api.w.org\/{rel}","templated":true}]}}