{"id":4885,"date":"2025-01-13T14:53:02","date_gmt":"2025-01-13T07:53:02","guid":{"rendered":"https:\/\/pandaspa.vn\/?page_id=4885"},"modified":"2025-02-20T11:26:40","modified_gmt":"2025-02-20T04:26:40","slug":"chinh-sach-thanh-toan","status":"publish","type":"page","link":"https:\/\/pandaspa.vn\/vi\/chinh-sach-thanh-toan\/","title":{"rendered":"Ch\u00ednh s\u00e1ch thanh to\u00e1n"},"content":{"rendered":"<p> 1. Thanh to\u00e1n ti\u1ec1n m\u1eb7t<br \/>\n&#8211; Kh\u00e1ch h\u00e0ng c\u00f3 th\u1ec3 ch\u1ecdn thanh to\u00e1n ti\u1ec1n m\u1eb7t tr\u1ef1c ti\u1ebfp t\u1ea1i qu\u1ea7y l\u1ec5 t\u00e2n c\u1ee7a Panda Spa tr\u01b0\u1edbc khi s\u1eed d\u1ee5ng d\u1ecbch v\u1ee5.<br \/>\n&#8211; \u0110\u1ec3 \u0111\u1ea3m b\u1ea3o d\u1ecbch v\u1ee5 \u0111\u01b0\u1ee3c gi\u1eef ch\u1ed7, kh\u00e1ch h\u00e0ng c\u1ea7n cung c\u1ea5p m\u00e3 \u0111\u01a1n h\u00e0ng ho\u1eb7c email x\u00e1c nh\u1eadn khi \u0111\u1ebfn spa.<br \/>\n2. Thanh to\u00e1n chuy\u1ec3n kho\u1ea3n<br \/>\nKh\u00e1ch h\u00e0ng c\u00f3 th\u1ec3 thanh to\u00e1n tr\u01b0\u1edbc qua chuy\u1ec3n kho\u1ea3n ng\u00e2n h\u00e0ng theo th\u00f4ng tin d\u01b0\u1edbi \u0111\u00e2y:<br \/>\n\u2022\tT\u00ean t\u00e0i kho\u1ea3n:<br \/>\n\u2022\tS\u1ed1 t\u00e0i kho\u1ea3n:<br \/>\n\u2022\tNg\u00e2n h\u00e0ng Th\u01b0\u01a1ng M\u1ea1i C\u1ed5 Ph\u1ea7n \u00c1 Ch\u00e2u (ACB)<br \/>\n\u2022\tN\u1ed9i dung chuy\u1ec3n kho\u1ea3n: [M\u00e3 \u0111\u01a1n h\u00e0ng] + [H\u1ecd t\u00ean kh\u00e1ch h\u00e0ng]<br \/>\nSau khi chuy\u1ec3n kho\u1ea3n, kh\u00e1ch h\u00e0ng vui l\u00f2ng gi\u1eef l\u1ea1i bi\u00ean lai ho\u1eb7c x\u00e1c nh\u1eadn giao d\u1ecbch \u0111\u1ec3 \u0111\u1ed1i chi\u1ebfu khi c\u1ea7n. Sau khi nh\u1eadn \u0111\u01b0\u1ee3c chuy\u1ec3n kho\u1ea3n (ch\u1eadm nh\u1ea5t 12 ti\u1ebfng) ch\u00fang t\u00f4i s\u1ebd g\u1ecdi \u0111i\u1ec7n v\u00e0 x\u00e1c nh\u1eadn thanh to\u00e1n \u0111\u1ed1i v\u1edbi d\u1ecbch v\u1ee5 kh\u00e1ch h\u00e0ng \u0111\u00e3 \u0111\u1eb7t.<br \/>\n<\/p>","protected":false},"excerpt":{"rendered":"<p>1. Thanh to\u00e1n ti\u1ec1n m\u1eb7t &#8211; Kh\u00e1ch h\u00e0ng c\u00f3 th\u1ec3 ch\u1ecdn thanh to\u00e1n ti\u1ec1n m\u1eb7t tr\u1ef1c ti\u1ebfp t\u1ea1i qu\u1ea7y l\u1ec5 t\u00e2n c\u1ee7a Panda Spa tr\u01b0\u1edbc khi s\u1eed d\u1ee5ng d\u1ecbch v\u1ee5. &#8211; \u0110\u1ec3 \u0111\u1ea3m b\u1ea3o d\u1ecbch v\u1ee5 \u0111\u01b0\u1ee3c gi\u1eef ch\u1ed7, kh\u00e1ch h\u00e0ng c\u1ea7n cung c\u1ea5p m\u00e3 \u0111\u01a1n h\u00e0ng ho\u1eb7c email x\u00e1c nh\u1eadn khi \u0111\u1ebfn spa. 2. [&hellip;]<\/p>\n","protected":false},"author":1,"featured_media":0,"parent":0,"menu_order":9,"comment_status":"closed","ping_status":"closed","template":"","meta":{"_acf_changed":false,"inline_featured_image":false,"footnotes":""},"class_list":["post-4885","page","type-page","status-publish","hentry"],"acf":[],"yoast_head":"<!-- This site is optimized with the Yoast SEO plugin v23.0 - https:\/\/yoast.com\/wordpress\/plugins\/seo\/ -->\n<title>Ch\u00ednh s\u00e1ch thanh to\u00e1n - Panda Spa<\/title>\n<meta name=\"robots\" content=\"index, follow, max-snippet:-1, max-image-preview:large, max-video-preview:-1\" \/>\n<link rel=\"canonical\" href=\"https:\/\/pandaspa.vn\/kr\/chinh-sach-thanh-toan\/\" \/>\n<meta property=\"og:locale\" content=\"vi_VN\" \/>\n<meta property=\"og:type\" content=\"article\" \/>\n<meta property=\"og:title\" content=\"Ch\u00ednh s\u00e1ch thanh to\u00e1n - Panda Spa\" \/>\n<meta property=\"og:description\" content=\"1. Thanh to\u00e1n ti\u1ec1n m\u1eb7t &#8211; Kh\u00e1ch h\u00e0ng c\u00f3 th\u1ec3 ch\u1ecdn thanh to\u00e1n ti\u1ec1n m\u1eb7t tr\u1ef1c ti\u1ebfp t\u1ea1i qu\u1ea7y l\u1ec5 t\u00e2n c\u1ee7a Panda Spa tr\u01b0\u1edbc khi s\u1eed d\u1ee5ng d\u1ecbch v\u1ee5. &#8211; \u0110\u1ec3 \u0111\u1ea3m b\u1ea3o d\u1ecbch v\u1ee5 \u0111\u01b0\u1ee3c gi\u1eef ch\u1ed7, kh\u00e1ch h\u00e0ng c\u1ea7n cung c\u1ea5p m\u00e3 \u0111\u01a1n h\u00e0ng ho\u1eb7c email x\u00e1c nh\u1eadn khi \u0111\u1ebfn spa. 2. [&hellip;]\" \/>\n<meta property=\"og:url\" content=\"https:\/\/pandaspa.vn\/kr\/chinh-sach-thanh-toan\/\" \/>\n<meta property=\"og:site_name\" content=\"Panda Spa\" \/>\n<meta property=\"article:publisher\" content=\"https:\/\/www.facebook.com\/danangpandaspa\" \/>\n<meta property=\"article:modified_time\" content=\"2025-02-20T04:26:40+00:00\" \/>\n<meta property=\"og:image\" content=\"https:\/\/pandaspa.vn\/wp-content\/uploads\/2025\/04\/pandaspa-massage-da-nang.jpg\" \/>\n\t<meta property=\"og:image:width\" content=\"1000\" \/>\n\t<meta property=\"og:image:height\" content=\"1000\" \/>\n\t<meta property=\"og:image:type\" content=\"image\/jpeg\" \/>\n<meta name=\"twitter:card\" content=\"summary_large_image\" \/>\n<meta name=\"twitter:site\" content=\"@pandaspadana\" \/>\n<meta name=\"twitter:label1\" content=\"\u01af\u1edbc t\u00ednh th\u1eddi gian \u0111\u1ecdc\" \/>\n\t<meta name=\"twitter:data1\" content=\"1 ph\u00fat\" \/>\n<script type=\"application\/ld+json\" class=\"yoast-schema-graph\">{\"@context\":\"https:\/\/schema.org\",\"@graph\":[{\"@type\":\"WebPage\",\"@id\":\"https:\/\/pandaspa.vn\/kr\/chinh-sach-thanh-toan\/\",\"url\":\"https:\/\/pandaspa.vn\/kr\/chinh-sach-thanh-toan\/\",\"name\":\"Ch\u00ednh s\u00e1ch thanh to\u00e1n - Panda Spa\",\"isPartOf\":{\"@id\":\"https:\/\/pandaspa.vn\/#website\"},\"datePublished\":\"2025-01-13T07:53:02+00:00\",\"dateModified\":\"2025-02-20T04:26:40+00:00\",\"breadcrumb\":{\"@id\":\"https:\/\/pandaspa.vn\/kr\/chinh-sach-thanh-toan\/#breadcrumb\"},\"inLanguage\":\"vi\",\"potentialAction\":[{\"@type\":\"ReadAction\",\"target\":[\"https:\/\/pandaspa.vn\/kr\/chinh-sach-thanh-toan\/\"]}]},{\"@type\":\"BreadcrumbList\",\"@id\":\"https:\/\/pandaspa.vn\/kr\/chinh-sach-thanh-toan\/#breadcrumb\",\"itemListElement\":[{\"@type\":\"ListItem\",\"position\":1,\"name\":\"\uc9d1\",\"item\":\"https:\/\/pandaspa.vn\/\"},{\"@type\":\"ListItem\",\"position\":2,\"name\":\"(Ti\u1ebfng Vi\u1ec7t) Ch\u00ednh s\u00e1ch thanh to\u00e1n\"}]},{\"@type\":\"WebSite\",\"@id\":\"https:\/\/pandaspa.vn\/#website\",\"url\":\"https:\/\/pandaspa.vn\/\",\"name\":\"Panda Spa\",\"description\":\"Top Spa &amp; Massage t\u1ea1i \u0110\u00e0 N\u1eb5ng\",\"publisher\":{\"@id\":\"https:\/\/pandaspa.vn\/#organization\"},\"potentialAction\":[{\"@type\":\"SearchAction\",\"target\":{\"@type\":\"EntryPoint\",\"urlTemplate\":\"https:\/\/pandaspa.vn\/?s={search_term_string}\"},\"query-input\":\"required name=search_term_string\"}],\"inLanguage\":\"vi\"},{\"@type\":\"Organization\",\"@id\":\"https:\/\/pandaspa.vn\/#organization\",\"name\":\"Panda Spa Da Nang\",\"url\":\"https:\/\/pandaspa.vn\/\",\"logo\":{\"@type\":\"ImageObject\",\"inLanguage\":\"vi\",\"@id\":\"https:\/\/pandaspa.vn\/#\/schema\/logo\/image\/\",\"url\":\"https:\/\/pandaspa.vn\/wp-content\/uploads\/2025\/04\/pandaspa-massage-da-nang.jpg\",\"contentUrl\":\"https:\/\/pandaspa.vn\/wp-content\/uploads\/2025\/04\/pandaspa-massage-da-nang.jpg\",\"width\":1000,\"height\":1000,\"caption\":\"Panda Spa Da Nang\"},\"image\":{\"@id\":\"https:\/\/pandaspa.vn\/#\/schema\/logo\/image\/\"},\"sameAs\":[\"https:\/\/www.facebook.com\/danangpandaspa\",\"https:\/\/x.com\/pandaspadana\",\"https:\/\/www.instagram.com\/pandaspa.danang\/\",\"https:\/\/www.linkedin.com\/in\/pandaspadanang\/\",\"https:\/\/myspace.com\/pandaspadanang\/\",\"https:\/\/www.pinterest.com\/pandaspadanang\/\",\"https:\/\/www.youtube.com\/channel\/UCLIAR7yGKmHWag343CPQ9rA\"]}]}<\/script>\n<!-- \/ Yoast SEO plugin. -->","yoast_head_json":{"title":"Ch\u00ednh s\u00e1ch thanh to\u00e1n - Panda Spa","robots":{"index":"index","follow":"follow","max-snippet":"max-snippet:-1","max-image-preview":"max-image-preview:large","max-video-preview":"max-video-preview:-1"},"canonical":"https:\/\/pandaspa.vn\/kr\/chinh-sach-thanh-toan\/","og_locale":"vi_VN","og_type":"article","og_title":"Ch\u00ednh s\u00e1ch thanh to\u00e1n - Panda Spa","og_description":"1. Thanh to\u00e1n ti\u1ec1n m\u1eb7t &#8211; Kh\u00e1ch h\u00e0ng c\u00f3 th\u1ec3 ch\u1ecdn thanh to\u00e1n ti\u1ec1n m\u1eb7t tr\u1ef1c ti\u1ebfp t\u1ea1i qu\u1ea7y l\u1ec5 t\u00e2n c\u1ee7a Panda Spa tr\u01b0\u1edbc khi s\u1eed d\u1ee5ng d\u1ecbch v\u1ee5. &#8211; \u0110\u1ec3 \u0111\u1ea3m b\u1ea3o d\u1ecbch v\u1ee5 \u0111\u01b0\u1ee3c gi\u1eef ch\u1ed7, kh\u00e1ch h\u00e0ng c\u1ea7n cung c\u1ea5p m\u00e3 \u0111\u01a1n h\u00e0ng ho\u1eb7c email x\u00e1c nh\u1eadn khi \u0111\u1ebfn spa. 2. [&hellip;]","og_url":"https:\/\/pandaspa.vn\/kr\/chinh-sach-thanh-toan\/","og_site_name":"Panda Spa","article_publisher":"https:\/\/www.facebook.com\/danangpandaspa","article_modified_time":"2025-02-20T04:26:40+00:00","og_image":[{"width":1000,"height":1000,"url":"https:\/\/pandaspa.vn\/wp-content\/uploads\/2025\/04\/pandaspa-massage-da-nang.jpg","type":"image\/jpeg"}],"twitter_card":"summary_large_image","twitter_site":"@pandaspadana","twitter_misc":{"\u01af\u1edbc t\u00ednh th\u1eddi gian \u0111\u1ecdc":"1 ph\u00fat"},"schema":{"@context":"https:\/\/schema.org","@graph":[{"@type":"WebPage","@id":"https:\/\/pandaspa.vn\/kr\/chinh-sach-thanh-toan\/","url":"https:\/\/pandaspa.vn\/kr\/chinh-sach-thanh-toan\/","name":"Ch\u00ednh s\u00e1ch thanh to\u00e1n - Panda Spa","isPartOf":{"@id":"https:\/\/pandaspa.vn\/#website"},"datePublished":"2025-01-13T07:53:02+00:00","dateModified":"2025-02-20T04:26:40+00:00","breadcrumb":{"@id":"https:\/\/pandaspa.vn\/kr\/chinh-sach-thanh-toan\/#breadcrumb"},"inLanguage":"vi","potentialAction":[{"@type":"ReadAction","target":["https:\/\/pandaspa.vn\/kr\/chinh-sach-thanh-toan\/"]}]},{"@type":"BreadcrumbList","@id":"https:\/\/pandaspa.vn\/kr\/chinh-sach-thanh-toan\/#breadcrumb","itemListElement":[{"@type":"ListItem","position":1,"name":"\uc9d1","item":"https:\/\/pandaspa.vn\/"},{"@type":"ListItem","position":2,"name":"(Ti\u1ebfng Vi\u1ec7t) Ch\u00ednh s\u00e1ch thanh to\u00e1n"}]},{"@type":"WebSite","@id":"https:\/\/pandaspa.vn\/#website","url":"https:\/\/pandaspa.vn\/","name":"Panda Spa","description":"Top Spa &amp; Massage t\u1ea1i \u0110\u00e0 N\u1eb5ng","publisher":{"@id":"https:\/\/pandaspa.vn\/#organization"},"potentialAction":[{"@type":"SearchAction","target":{"@type":"EntryPoint","urlTemplate":"https:\/\/pandaspa.vn\/?s={search_term_string}"},"query-input":"required name=search_term_string"}],"inLanguage":"vi"},{"@type":"Organization","@id":"https:\/\/pandaspa.vn\/#organization","name":"Panda Spa Da Nang","url":"https:\/\/pandaspa.vn\/","logo":{"@type":"ImageObject","inLanguage":"vi","@id":"https:\/\/pandaspa.vn\/#\/schema\/logo\/image\/","url":"https:\/\/pandaspa.vn\/wp-content\/uploads\/2025\/04\/pandaspa-massage-da-nang.jpg","contentUrl":"https:\/\/pandaspa.vn\/wp-content\/uploads\/2025\/04\/pandaspa-massage-da-nang.jpg","width":1000,"height":1000,"caption":"Panda Spa Da Nang"},"image":{"@id":"https:\/\/pandaspa.vn\/#\/schema\/logo\/image\/"},"sameAs":["https:\/\/www.facebook.com\/danangpandaspa","https:\/\/x.com\/pandaspadana","https:\/\/www.instagram.com\/pandaspa.danang\/","https:\/\/www.linkedin.com\/in\/pandaspadanang\/","https:\/\/myspace.com\/pandaspadanang\/","https:\/\/www.pinterest.com\/pandaspadanang\/","https:\/\/www.youtube.com\/channel\/UCLIAR7yGKmHWag343CPQ9rA"]}]}},"_links":{"self":[{"href":"https:\/\/pandaspa.vn\/vi\/wp-json\/wp\/v2\/pages\/4885","targetHints":{"allow":["GET"]}}],"collection":[{"href":"https:\/\/pandaspa.vn\/vi\/wp-json\/wp\/v2\/pages"}],"about":[{"href":"https:\/\/pandaspa.vn\/vi\/wp-json\/wp\/v2\/types\/page"}],"author":[{"embeddable":true,"href":"https:\/\/pandaspa.vn\/vi\/wp-json\/wp\/v2\/users\/1"}],"replies":[{"embeddable":true,"href":"https:\/\/pandaspa.vn\/vi\/wp-json\/wp\/v2\/comments?post=4885"}],"version-history":[{"count":4,"href":"https:\/\/pandaspa.vn\/vi\/wp-json\/wp\/v2\/pages\/4885\/revisions"}],"predecessor-version":[{"id":5025,"href":"https:\/\/pandaspa.vn\/vi\/wp-json\/wp\/v2\/pages\/4885\/revisions\/5025"}],"wp:attachment":[{"href":"https:\/\/pandaspa.vn\/vi\/wp-json\/wp\/v2\/media?parent=4885"}],"curies":[{"name":"wp","href":"https:\/\/api.w.org\/{rel}","templated":true}]}}