{"id":4888,"date":"2025-01-13T14:55:55","date_gmt":"2025-01-13T07:55:55","guid":{"rendered":"https:\/\/pandaspa.vn\/?page_id=4888"},"modified":"2025-01-13T14:56:09","modified_gmt":"2025-01-13T07:56:09","slug":"chinh-sach-huy-doi-dich-vu","status":"publish","type":"page","link":"https:\/\/pandaspa.vn\/vi\/chinh-sach-huy-doi-dich-vu\/","title":{"rendered":"Ch\u00ednh s\u00e1ch h\u1ee7y\/\u0111\u1ed5i d\u1ecbch v\u1ee5"},"content":{"rendered":"<p>1. Quy \u0111\u1ecbnh chung v\u1ec1 h\u1ee7y\/\u0111\u1ed5i d\u1ecbch v\u1ee5<br \/>\npandaspa.vn cam k\u1ebft mang \u0111\u1ebfn cho kh\u00e1ch h\u00e0ng tr\u1ea3i nghi\u1ec7m d\u1ecbch v\u1ee5 t\u1ed1t nh\u1ea5t. Tuy nhi\u00ean, n\u1ebfu kh\u00e1ch h\u00e0ng c\u00f3 nhu c\u1ea7u h\u1ee7y ho\u1eb7c \u0111\u1ed5i l\u1ecbch h\u1eb9n d\u1ecbch v\u1ee5, vui l\u00f2ng tham kh\u1ea3o c\u00e1c \u0111i\u1ec1u kho\u1ea3n d\u01b0\u1edbi \u0111\u00e2y \u0111\u1ec3 \u0111\u1ea3m b\u1ea3o quy\u1ec1n l\u1ee3i:<br \/>\n\u2022\tVi\u1ec7c h\u1ee7y\/\u0111\u1ed5i d\u1ecbch v\u1ee5 ph\u1ea3i \u0111\u01b0\u1ee3c th\u1ef1c hi\u1ec7n trong th\u1eddi gian quy \u0111\u1ecbnh.<br \/>\n\u2022\tCh\u00ednh s\u00e1ch \u00e1p d\u1ee5ng cho t\u1ea5t c\u1ea3 c\u00e1c d\u1ecbch v\u1ee5 \u0111\u01b0\u1ee3c cung c\u1ea5p t\u1ea1i pandaspa.vn.<\/p>\n<p>2. Ch\u00ednh s\u00e1ch h\u1ee7y d\u1ecbch v\u1ee5<br \/>\n\u2022\tH\u1ee7y d\u1ecbch v\u1ee5 tr\u01b0\u1edbc 24 gi\u1edd:<br \/>\nN\u1ebfu kh\u00e1ch h\u00e0ng th\u00f4ng b\u00e1o h\u1ee7y d\u1ecbch v\u1ee5 tr\u01b0\u1edbc \u00edt nh\u1ea5t 24 gi\u1edd so v\u1edbi th\u1eddi gian h\u1eb9n, ch\u00fang t\u00f4i s\u1ebd h\u1ed7 tr\u1ee3 h\u1ee7y d\u1ecbch v\u1ee5 mi\u1ec5n ph\u00ed v\u00e0 ho\u00e0n l\u1ea1i to\u00e0n b\u1ed9 chi ph\u00ed (n\u1ebfu \u0111\u00e3 thanh to\u00e1n qua h\u00ecnh th\u1ee9c chuy\u1ec3n kho\u1ea3n).<br \/>\n\u2022\tH\u1ee7y d\u1ecbch v\u1ee5 trong v\u00f2ng 24 gi\u1edd:<br \/>\nN\u1ebfu y\u00eau c\u1ea7u h\u1ee7y d\u1ecbch v\u1ee5 \u0111\u01b0\u1ee3c th\u1ef1c hi\u1ec7n trong v\u00f2ng 24 gi\u1edd tr\u01b0\u1edbc th\u1eddi gian h\u1eb9n, kh\u00e1ch h\u00e0ng s\u1ebd b\u1ecb t\u00ednh ph\u00ed h\u1ee7y t\u01b0\u01a1ng \u0111\u01b0\u01a1ng 30% gi\u00e1 tr\u1ecb d\u1ecbch v\u1ee5. Ph\u1ea7n chi ph\u00ed c\u00f2n l\u1ea1i s\u1ebd \u0111\u01b0\u1ee3c ho\u00e0n tr\u1ea3 ho\u1eb7c gi\u1eef l\u1ea1i \u0111\u1ec3 s\u1eed d\u1ee5ng cho l\u1ea7n \u0111\u1eb7t d\u1ecbch v\u1ee5 ti\u1ebfp theo.<br \/>\n\u2022\tH\u1ee7y d\u1ecbch v\u1ee5 sau gi\u1edd h\u1eb9n:<br \/>\npandaspa.vn kh\u00f4ng h\u1ed7 tr\u1ee3 h\u1ee7y d\u1ecbch v\u1ee5 n\u1ebfu y\u00eau c\u1ea7u \u0111\u01b0\u1ee3c g\u1eedi sau th\u1eddi gian h\u1eb9n \u0111\u00e3 x\u00e1c nh\u1eadn.<\/p>\n<p>3. Ch\u00ednh s\u00e1ch \u0111\u1ed5i d\u1ecbch v\u1ee5\/l\u1ecbch h\u1eb9n<br \/>\n\u2022\t\u0110\u1ed5i l\u1ecbch h\u1eb9n tr\u01b0\u1edbc 24 gi\u1edd:<br \/>\nKh\u00e1ch h\u00e0ng c\u00f3 th\u1ec3 \u0111\u1ed5i l\u1ecbch h\u1eb9n mi\u1ec5n ph\u00ed n\u1ebfu th\u00f4ng b\u00e1o tr\u01b0\u1edbc \u00edt nh\u1ea5t 24 gi\u1edd. Th\u1eddi gian h\u1eb9n m\u1edbi s\u1ebd \u0111\u01b0\u1ee3c s\u1eafp x\u1ebfp d\u1ef1a tr\u00ean l\u1ecbch tr\u1ed1ng c\u1ee7a spa.<br \/>\n\u2022\t\u0110\u1ed5i l\u1ecbch h\u1eb9n trong v\u00f2ng 24 gi\u1edd:<br \/>\nN\u1ebfu y\u00eau c\u1ea7u \u0111\u1ed5i l\u1ecbch h\u1eb9n \u0111\u01b0\u1ee3c th\u1ef1c hi\u1ec7n trong v\u00f2ng 24 gi\u1edd, kh\u00e1ch h\u00e0ng s\u1ebd ch\u1ecbu ph\u00ed \u0111\u1ed5i l\u1ecbch t\u01b0\u01a1ng \u0111\u01b0\u01a1ng 10% gi\u00e1 tr\u1ecb d\u1ecbch v\u1ee5.<br \/>\n\u2022\t\u0110\u1ed5i d\u1ecbch v\u1ee5:<br \/>\nKh\u00e1ch h\u00e0ng c\u00f3 th\u1ec3 \u0111\u1ed5i sang d\u1ecbch v\u1ee5 kh\u00e1c n\u1ebfu:<br \/>\no\tD\u1ecbch v\u1ee5 m\u1edbi c\u00f3 gi\u00e1 tr\u1ecb t\u01b0\u01a1ng \u0111\u01b0\u01a1ng ho\u1eb7c cao h\u01a1n d\u1ecbch v\u1ee5 \u0111\u00e3 \u0111\u1eb7t (kh\u00e1ch h\u00e0ng thanh to\u00e1n th\u00eam ph\u1ea7n ch\u00eanh l\u1ec7ch).<br \/>\no\tY\u00eau c\u1ea7u \u0111\u1ed5i \u0111\u01b0\u1ee3c g\u1eedi tr\u01b0\u1edbc \u00edt nh\u1ea5t 24 gi\u1edd so v\u1edbi th\u1eddi gian h\u1eb9n ban \u0111\u1ea7u.<\/p>\n<p>4. C\u00e1ch th\u1ee9c y\u00eau c\u1ea7u h\u1ee7y\/\u0111\u1ed5i d\u1ecbch v\u1ee5<br \/>\n\u0110\u1ec3 h\u1ee7y ho\u1eb7c \u0111\u1ed5i d\u1ecbch v\u1ee5, kh\u00e1ch h\u00e0ng vui l\u00f2ng li\u00ean h\u1ec7 qua:<br \/>\n\u2022\tHotline: 038 396 7775<br \/>\n\u2022\tEmail h\u1ed7 tr\u1ee3pandaspa229@gmail.com<br \/>\n\u2022\tL\u01b0u \u00fd: Khi li\u00ean h\u1ec7, vui l\u00f2ng cung c\u1ea5p m\u00e3 \u0111\u01a1n h\u00e0ng v\u00e0 th\u00f4ng tin c\u00e1 nh\u00e2n \u0111\u1ec3 ch\u00fang t\u00f4i h\u1ed7 tr\u1ee3 nhanh nh\u1ea5t.<\/p>\n<p>C\u1ea3m \u01a1n qu\u00fd kh\u00e1ch \u0111\u00e3 \u0111\u1ed3ng h\u00e0nh c\u00f9ng pandaspa.vn. Ch\u00fang t\u00f4i r\u1ea5t mong \u0111\u01b0\u1ee3c ti\u1ebfp t\u1ee5c ph\u1ee5c v\u1ee5 qu\u00fd kh\u00e1ch!<br \/>\n________________________________________<br \/>\n<\/p>","protected":false},"excerpt":{"rendered":"<p>1. Quy \u0111\u1ecbnh chung v\u1ec1 h\u1ee7y\/\u0111\u1ed5i d\u1ecbch v\u1ee5 pandaspa.vn cam k\u1ebft mang \u0111\u1ebfn cho kh\u00e1ch h\u00e0ng tr\u1ea3i nghi\u1ec7m d\u1ecbch v\u1ee5 t\u1ed1t nh\u1ea5t. Tuy nhi\u00ean, n\u1ebfu kh\u00e1ch h\u00e0ng c\u00f3 nhu c\u1ea7u h\u1ee7y ho\u1eb7c \u0111\u1ed5i l\u1ecbch h\u1eb9n d\u1ecbch v\u1ee5, vui l\u00f2ng tham kh\u1ea3o c\u00e1c \u0111i\u1ec1u kho\u1ea3n d\u01b0\u1edbi \u0111\u00e2y \u0111\u1ec3 \u0111\u1ea3m b\u1ea3o quy\u1ec1n l\u1ee3i: \u2022 Vi\u1ec7c h\u1ee7y\/\u0111\u1ed5i d\u1ecbch [&hellip;]<\/p>\n","protected":false},"author":1,"featured_media":0,"parent":0,"menu_order":7,"comment_status":"closed","ping_status":"closed","template":"","meta":{"_acf_changed":false,"inline_featured_image":false,"footnotes":""},"class_list":["post-4888","page","type-page","status-publish","hentry"],"acf":[],"yoast_head":"<!-- This site is optimized with the Yoast SEO plugin v23.0 - https:\/\/yoast.com\/wordpress\/plugins\/seo\/ -->\n<title>Ch\u00ednh s\u00e1ch h\u1ee7y\/\u0111\u1ed5i d\u1ecbch v\u1ee5 - Panda Spa<\/title>\n<meta name=\"robots\" content=\"index, follow, max-snippet:-1, max-image-preview:large, max-video-preview:-1\" \/>\n<link rel=\"canonical\" href=\"https:\/\/pandaspa.vn\/kr\/chinh-sach-huy-doi-dich-vu\/\" \/>\n<meta property=\"og:locale\" content=\"vi_VN\" \/>\n<meta property=\"og:type\" content=\"article\" \/>\n<meta property=\"og:title\" content=\"Ch\u00ednh s\u00e1ch h\u1ee7y\/\u0111\u1ed5i d\u1ecbch v\u1ee5 - Panda Spa\" \/>\n<meta property=\"og:description\" content=\"1. Quy \u0111\u1ecbnh chung v\u1ec1 h\u1ee7y\/\u0111\u1ed5i d\u1ecbch v\u1ee5 pandaspa.vn cam k\u1ebft mang \u0111\u1ebfn cho kh\u00e1ch h\u00e0ng tr\u1ea3i nghi\u1ec7m d\u1ecbch v\u1ee5 t\u1ed1t nh\u1ea5t. Tuy nhi\u00ean, n\u1ebfu kh\u00e1ch h\u00e0ng c\u00f3 nhu c\u1ea7u h\u1ee7y ho\u1eb7c \u0111\u1ed5i l\u1ecbch h\u1eb9n d\u1ecbch v\u1ee5, vui l\u00f2ng tham kh\u1ea3o c\u00e1c \u0111i\u1ec1u kho\u1ea3n d\u01b0\u1edbi \u0111\u00e2y \u0111\u1ec3 \u0111\u1ea3m b\u1ea3o quy\u1ec1n l\u1ee3i: \u2022 Vi\u1ec7c h\u1ee7y\/\u0111\u1ed5i d\u1ecbch [&hellip;]\" \/>\n<meta property=\"og:url\" content=\"https:\/\/pandaspa.vn\/kr\/chinh-sach-huy-doi-dich-vu\/\" \/>\n<meta property=\"og:site_name\" content=\"Panda Spa\" \/>\n<meta property=\"article:publisher\" content=\"https:\/\/www.facebook.com\/danangpandaspa\" \/>\n<meta property=\"article:modified_time\" content=\"2025-01-13T07:56:09+00:00\" \/>\n<meta property=\"og:image\" content=\"https:\/\/pandaspa.vn\/wp-content\/uploads\/2025\/04\/pandaspa-massage-da-nang.jpg\" \/>\n\t<meta property=\"og:image:width\" content=\"1000\" \/>\n\t<meta property=\"og:image:height\" content=\"1000\" \/>\n\t<meta property=\"og:image:type\" content=\"image\/jpeg\" \/>\n<meta name=\"twitter:card\" content=\"summary_large_image\" \/>\n<meta name=\"twitter:site\" content=\"@pandaspadana\" \/>\n<meta name=\"twitter:label1\" content=\"\u01af\u1edbc t\u00ednh th\u1eddi gian \u0111\u1ecdc\" \/>\n\t<meta name=\"twitter:data1\" content=\"3 ph\u00fat\" \/>\n<script type=\"application\/ld+json\" class=\"yoast-schema-graph\">{\"@context\":\"https:\/\/schema.org\",\"@graph\":[{\"@type\":\"WebPage\",\"@id\":\"https:\/\/pandaspa.vn\/kr\/chinh-sach-huy-doi-dich-vu\/\",\"url\":\"https:\/\/pandaspa.vn\/kr\/chinh-sach-huy-doi-dich-vu\/\",\"name\":\"Ch\u00ednh s\u00e1ch h\u1ee7y\/\u0111\u1ed5i d\u1ecbch v\u1ee5 - Panda Spa\",\"isPartOf\":{\"@id\":\"https:\/\/pandaspa.vn\/#website\"},\"datePublished\":\"2025-01-13T07:55:55+00:00\",\"dateModified\":\"2025-01-13T07:56:09+00:00\",\"breadcrumb\":{\"@id\":\"https:\/\/pandaspa.vn\/kr\/chinh-sach-huy-doi-dich-vu\/#breadcrumb\"},\"inLanguage\":\"vi\",\"potentialAction\":[{\"@type\":\"ReadAction\",\"target\":[\"https:\/\/pandaspa.vn\/kr\/chinh-sach-huy-doi-dich-vu\/\"]}]},{\"@type\":\"BreadcrumbList\",\"@id\":\"https:\/\/pandaspa.vn\/kr\/chinh-sach-huy-doi-dich-vu\/#breadcrumb\",\"itemListElement\":[{\"@type\":\"ListItem\",\"position\":1,\"name\":\"\uc9d1\",\"item\":\"https:\/\/pandaspa.vn\/\"},{\"@type\":\"ListItem\",\"position\":2,\"name\":\"(Ti\u1ebfng Vi\u1ec7t) Ch\u00ednh s\u00e1ch h\u1ee7y\/\u0111\u1ed5i d\u1ecbch v\u1ee5\"}]},{\"@type\":\"WebSite\",\"@id\":\"https:\/\/pandaspa.vn\/#website\",\"url\":\"https:\/\/pandaspa.vn\/\",\"name\":\"Panda Spa\",\"description\":\"Top Spa &amp; Massage t\u1ea1i \u0110\u00e0 N\u1eb5ng\",\"publisher\":{\"@id\":\"https:\/\/pandaspa.vn\/#organization\"},\"potentialAction\":[{\"@type\":\"SearchAction\",\"target\":{\"@type\":\"EntryPoint\",\"urlTemplate\":\"https:\/\/pandaspa.vn\/?s={search_term_string}\"},\"query-input\":\"required name=search_term_string\"}],\"inLanguage\":\"vi\"},{\"@type\":\"Organization\",\"@id\":\"https:\/\/pandaspa.vn\/#organization\",\"name\":\"Panda Spa Da Nang\",\"url\":\"https:\/\/pandaspa.vn\/\",\"logo\":{\"@type\":\"ImageObject\",\"inLanguage\":\"vi\",\"@id\":\"https:\/\/pandaspa.vn\/#\/schema\/logo\/image\/\",\"url\":\"https:\/\/pandaspa.vn\/wp-content\/uploads\/2025\/04\/pandaspa-massage-da-nang.jpg\",\"contentUrl\":\"https:\/\/pandaspa.vn\/wp-content\/uploads\/2025\/04\/pandaspa-massage-da-nang.jpg\",\"width\":1000,\"height\":1000,\"caption\":\"Panda Spa Da Nang\"},\"image\":{\"@id\":\"https:\/\/pandaspa.vn\/#\/schema\/logo\/image\/\"},\"sameAs\":[\"https:\/\/www.facebook.com\/danangpandaspa\",\"https:\/\/x.com\/pandaspadana\",\"https:\/\/www.instagram.com\/pandaspa.danang\/\",\"https:\/\/www.linkedin.com\/in\/pandaspadanang\/\",\"https:\/\/myspace.com\/pandaspadanang\/\",\"https:\/\/www.pinterest.com\/pandaspadanang\/\",\"https:\/\/www.youtube.com\/channel\/UCLIAR7yGKmHWag343CPQ9rA\"]}]}<\/script>\n<!-- \/ Yoast SEO plugin. -->","yoast_head_json":{"title":"Ch\u00ednh s\u00e1ch h\u1ee7y\/\u0111\u1ed5i d\u1ecbch v\u1ee5 - Panda Spa","robots":{"index":"index","follow":"follow","max-snippet":"max-snippet:-1","max-image-preview":"max-image-preview:large","max-video-preview":"max-video-preview:-1"},"canonical":"https:\/\/pandaspa.vn\/kr\/chinh-sach-huy-doi-dich-vu\/","og_locale":"vi_VN","og_type":"article","og_title":"Ch\u00ednh s\u00e1ch h\u1ee7y\/\u0111\u1ed5i d\u1ecbch v\u1ee5 - Panda Spa","og_description":"1. Quy \u0111\u1ecbnh chung v\u1ec1 h\u1ee7y\/\u0111\u1ed5i d\u1ecbch v\u1ee5 pandaspa.vn cam k\u1ebft mang \u0111\u1ebfn cho kh\u00e1ch h\u00e0ng tr\u1ea3i nghi\u1ec7m d\u1ecbch v\u1ee5 t\u1ed1t nh\u1ea5t. Tuy nhi\u00ean, n\u1ebfu kh\u00e1ch h\u00e0ng c\u00f3 nhu c\u1ea7u h\u1ee7y ho\u1eb7c \u0111\u1ed5i l\u1ecbch h\u1eb9n d\u1ecbch v\u1ee5, vui l\u00f2ng tham kh\u1ea3o c\u00e1c \u0111i\u1ec1u kho\u1ea3n d\u01b0\u1edbi \u0111\u00e2y \u0111\u1ec3 \u0111\u1ea3m b\u1ea3o quy\u1ec1n l\u1ee3i: \u2022 Vi\u1ec7c h\u1ee7y\/\u0111\u1ed5i d\u1ecbch [&hellip;]","og_url":"https:\/\/pandaspa.vn\/kr\/chinh-sach-huy-doi-dich-vu\/","og_site_name":"Panda Spa","article_publisher":"https:\/\/www.facebook.com\/danangpandaspa","article_modified_time":"2025-01-13T07:56:09+00:00","og_image":[{"width":1000,"height":1000,"url":"https:\/\/pandaspa.vn\/wp-content\/uploads\/2025\/04\/pandaspa-massage-da-nang.jpg","type":"image\/jpeg"}],"twitter_card":"summary_large_image","twitter_site":"@pandaspadana","twitter_misc":{"\u01af\u1edbc t\u00ednh th\u1eddi gian \u0111\u1ecdc":"3 ph\u00fat"},"schema":{"@context":"https:\/\/schema.org","@graph":[{"@type":"WebPage","@id":"https:\/\/pandaspa.vn\/kr\/chinh-sach-huy-doi-dich-vu\/","url":"https:\/\/pandaspa.vn\/kr\/chinh-sach-huy-doi-dich-vu\/","name":"Ch\u00ednh s\u00e1ch h\u1ee7y\/\u0111\u1ed5i d\u1ecbch v\u1ee5 - Panda Spa","isPartOf":{"@id":"https:\/\/pandaspa.vn\/#website"},"datePublished":"2025-01-13T07:55:55+00:00","dateModified":"2025-01-13T07:56:09+00:00","breadcrumb":{"@id":"https:\/\/pandaspa.vn\/kr\/chinh-sach-huy-doi-dich-vu\/#breadcrumb"},"inLanguage":"vi","potentialAction":[{"@type":"ReadAction","target":["https:\/\/pandaspa.vn\/kr\/chinh-sach-huy-doi-dich-vu\/"]}]},{"@type":"BreadcrumbList","@id":"https:\/\/pandaspa.vn\/kr\/chinh-sach-huy-doi-dich-vu\/#breadcrumb","itemListElement":[{"@type":"ListItem","position":1,"name":"\uc9d1","item":"https:\/\/pandaspa.vn\/"},{"@type":"ListItem","position":2,"name":"(Ti\u1ebfng Vi\u1ec7t) Ch\u00ednh s\u00e1ch h\u1ee7y\/\u0111\u1ed5i d\u1ecbch v\u1ee5"}]},{"@type":"WebSite","@id":"https:\/\/pandaspa.vn\/#website","url":"https:\/\/pandaspa.vn\/","name":"Panda Spa","description":"Top Spa &amp; Massage t\u1ea1i \u0110\u00e0 N\u1eb5ng","publisher":{"@id":"https:\/\/pandaspa.vn\/#organization"},"potentialAction":[{"@type":"SearchAction","target":{"@type":"EntryPoint","urlTemplate":"https:\/\/pandaspa.vn\/?s={search_term_string}"},"query-input":"required name=search_term_string"}],"inLanguage":"vi"},{"@type":"Organization","@id":"https:\/\/pandaspa.vn\/#organization","name":"Panda Spa Da Nang","url":"https:\/\/pandaspa.vn\/","logo":{"@type":"ImageObject","inLanguage":"vi","@id":"https:\/\/pandaspa.vn\/#\/schema\/logo\/image\/","url":"https:\/\/pandaspa.vn\/wp-content\/uploads\/2025\/04\/pandaspa-massage-da-nang.jpg","contentUrl":"https:\/\/pandaspa.vn\/wp-content\/uploads\/2025\/04\/pandaspa-massage-da-nang.jpg","width":1000,"height":1000,"caption":"Panda Spa Da Nang"},"image":{"@id":"https:\/\/pandaspa.vn\/#\/schema\/logo\/image\/"},"sameAs":["https:\/\/www.facebook.com\/danangpandaspa","https:\/\/x.com\/pandaspadana","https:\/\/www.instagram.com\/pandaspa.danang\/","https:\/\/www.linkedin.com\/in\/pandaspadanang\/","https:\/\/myspace.com\/pandaspadanang\/","https:\/\/www.pinterest.com\/pandaspadanang\/","https:\/\/www.youtube.com\/channel\/UCLIAR7yGKmHWag343CPQ9rA"]}]}},"_links":{"self":[{"href":"https:\/\/pandaspa.vn\/vi\/wp-json\/wp\/v2\/pages\/4888","targetHints":{"allow":["GET"]}}],"collection":[{"href":"https:\/\/pandaspa.vn\/vi\/wp-json\/wp\/v2\/pages"}],"about":[{"href":"https:\/\/pandaspa.vn\/vi\/wp-json\/wp\/v2\/types\/page"}],"author":[{"embeddable":true,"href":"https:\/\/pandaspa.vn\/vi\/wp-json\/wp\/v2\/users\/1"}],"replies":[{"embeddable":true,"href":"https:\/\/pandaspa.vn\/vi\/wp-json\/wp\/v2\/comments?post=4888"}],"version-history":[{"count":1,"href":"https:\/\/pandaspa.vn\/vi\/wp-json\/wp\/v2\/pages\/4888\/revisions"}],"predecessor-version":[{"id":4889,"href":"https:\/\/pandaspa.vn\/vi\/wp-json\/wp\/v2\/pages\/4888\/revisions\/4889"}],"wp:attachment":[{"href":"https:\/\/pandaspa.vn\/vi\/wp-json\/wp\/v2\/media?parent=4888"}],"curies":[{"name":"wp","href":"https:\/\/api.w.org\/{rel}","templated":true}]}}