{"id":4890,"date":"2025-01-13T14:57:20","date_gmt":"2025-01-13T07:57:20","guid":{"rendered":"https:\/\/pandaspa.vn\/?page_id=4890"},"modified":"2025-01-13T14:57:20","modified_gmt":"2025-01-13T07:57:20","slug":"chinh-sach-dat-dich-vu-va-van-chuyen","status":"publish","type":"page","link":"https:\/\/pandaspa.vn\/vi\/chinh-sach-dat-dich-vu-va-van-chuyen\/","title":{"rendered":"Ch\u00ednh s\u00e1ch \u0111\u1eb7t d\u1ecbch v\u1ee5 v\u00e0 v\u1eadn chuy\u1ec3n"},"content":{"rendered":"<p>1. Ch\u00ednh s\u00e1ch mua h\u00e0ng<br \/>\n\u2022\tB\u01b0\u1edbc 1: L\u1ef1a ch\u1ecdn d\u1ecbch v\u1ee5<br \/>\nKh\u00e1ch h\u00e0ng truy c\u1eadp website pandaspa.vn \u0111\u1ec3 xem v\u00e0 ch\u1ecdn d\u1ecbch v\u1ee5 spa ph\u00f9 h\u1ee3p v\u1edbi nhu c\u1ea7u.<br \/>\n\u2022\tB\u01b0\u1edbc 2: \u0110\u1eb7t d\u1ecbch v\u1ee5<br \/>\nSau khi ch\u1ecdn \u0111\u01b0\u1ee3c d\u1ecbch v\u1ee5, kh\u00e1ch h\u00e0ng ti\u1ebfn h\u00e0nh \u0111i\u1ec1n \u0111\u1ea7y \u0111\u1ee7 c\u00e1c th\u00f4ng tin c\u00e1 nh\u00e2n (h\u1ecd t\u00ean, s\u1ed1 \u0111i\u1ec7n tho\u1ea1i, email, \u0111\u1ecba ch\u1ec9, v.v.) trong form thanh to\u00e1n.<br \/>\n\u2022\tB\u01b0\u1edbc 3: Thanh to\u00e1n<br \/>\nHo\u00e0n t\u1ea5t vi\u1ec7c thanh to\u00e1n theo c\u00e1c ph\u01b0\u01a1ng th\u1ee9c \u0111\u01b0\u1ee3c h\u1ed7 tr\u1ee3 tr\u00ean website.<br \/>\n\u2022\tB\u01b0\u1edbc 4: X\u00e1c nh\u1eadn \u0111\u1eb7t h\u00e0ng<br \/>\nSau khi \u0111\u01a1n h\u00e0ng \u0111\u01b0\u1ee3c x\u1eed l\u00fd th\u00e0nh c\u00f4ng, pandaspa.vn s\u1ebd g\u1eedi email x\u00e1c nh\u1eadn th\u00f4ng tin \u0111\u1eb7t d\u1ecbch v\u1ee5, bao g\u1ed3m:<br \/>\no\tM\u00e3 \u0111\u01a1n h\u00e0ng<br \/>\no\tT\u00ean d\u1ecbch v\u1ee5 \u0111\u00e3 \u0111\u1eb7t<br \/>\no\tTh\u1eddi gian v\u00e0 \u0111\u1ecba \u0111i\u1ec3m th\u1ef1c hi\u1ec7n d\u1ecbch v\u1ee5<br \/>\no\tC\u00e1c th\u00f4ng tin li\u00ean h\u1ec7 h\u1ed7 tr\u1ee3<br \/>\n2. Ch\u00ednh s\u00e1ch v\u1eadn chuy\u1ec3n (g\u1eedi x\u00e1c nh\u1eadn qua email)<br \/>\n\u2022\tpandaspa.vn kh\u00f4ng \u00e1p d\u1ee5ng h\u00ecnh th\u1ee9c giao nh\u1eadn v\u1eadt l\u00fd, thay v\u00e0o \u0111\u00f3, ch\u00fang t\u00f4i th\u1ef1c hi\u1ec7n vi\u1ec7c &#8220;v\u1eadn chuy\u1ec3n&#8221; th\u00f4ng tin d\u1ecbch v\u1ee5 qua email kh\u00e1ch h\u00e0ng \u0111\u00e3 cung c\u1ea5p.<br \/>\n\u2022\tTh\u1eddi gian g\u1eedi email x\u00e1c nh\u1eadn: Ngay sau khi \u0111\u01a1n h\u00e0ng \u0111\u01b0\u1ee3c ho\u00e0n t\u1ea5t, th\u00f4ng th\u01b0\u1eddng trong v\u00f2ng 5 ph\u00fat. Tr\u01b0\u1eddng h\u1ee3p \u0111\u1eb7c bi\u1ec7t (h\u1ec7 th\u1ed1ng qu\u00e1 t\u1ea3i), th\u1eddi gian c\u00f3 th\u1ec3 k\u00e9o d\u00e0i t\u1ed1i \u0111a 30 ph\u00fat.<br \/>\n\u2022\tN\u1ebfu kh\u00e1ch h\u00e0ng kh\u00f4ng nh\u1eadn \u0111\u01b0\u1ee3c email x\u00e1c nh\u1eadn sau th\u1eddi gian tr\u00ean, vui l\u00f2ng ki\u1ec3m tra m\u1ee5c &#8220;Spam&#8221; ho\u1eb7c li\u00ean h\u1ec7 ngay v\u1edbi ch\u00fang t\u00f4i qua hotline ho\u1eb7c email h\u1ed7 tr\u1ee3.<br \/>\n3. C\u00e1c l\u01b0u \u00fd quan tr\u1ecdng<br \/>\n\u2022\tVui l\u00f2ng \u0111\u1ea3m b\u1ea3o th\u00f4ng tin c\u00e1 nh\u00e2n cung c\u1ea5p l\u00e0 ch\u00ednh x\u00e1c, \u0111\u1eb7c bi\u1ec7t l\u00e0 email, \u0111\u1ec3 tr\u00e1nh sai s\u00f3t trong vi\u1ec7c nh\u1eadn th\u00f4ng tin x\u00e1c nh\u1eadn.<br \/>\n\u2022\tpandaspa.vn kh\u00f4ng ch\u1ecbu tr\u00e1ch nhi\u1ec7m v\u1edbi c\u00e1c tr\u01b0\u1eddng h\u1ee3p cung c\u1ea5p sai \u0111\u1ecba ch\u1ec9 email ho\u1eb7c l\u1ed7i h\u1ec7 th\u1ed1ng t\u1eeb b\u00ean th\u1ee9 ba (nh\u01b0 nh\u00e0 cung c\u1ea5p d\u1ecbch v\u1ee5 email).<\/p>\n<p>N\u1ebfu c\u00f3 b\u1ea5t k\u1ef3 th\u1eafc m\u1eafc n\u00e0o li\u00ean quan \u0111\u1ebfn quy tr\u00ecnh \u0111\u1eb7t d\u1ecbch v\u1ee5 ho\u1eb7c email x\u00e1c nh\u1eadn, qu\u00fd kh\u00e1ch vui l\u00f2ng li\u00ean h\u1ec7:<br \/>\n\u2022\tHotline: 038 396 7775<br \/>\n\u2022\tEmail h\u1ed7 tr\u1ee3: pandaspa229@gmail.com<br \/>\nC\u1ea3m \u01a1n qu\u00fd kh\u00e1ch \u0111\u00e3 tin t\u01b0\u1edfng v\u00e0 l\u1ef1a ch\u1ecdn d\u1ecbch v\u1ee5 t\u1ea1i pandaspa.vn<\/p>\n<p><\/p>","protected":false},"excerpt":{"rendered":"<p>1. Ch\u00ednh s\u00e1ch mua h\u00e0ng \u2022 B\u01b0\u1edbc 1: L\u1ef1a ch\u1ecdn d\u1ecbch v\u1ee5 Kh\u00e1ch h\u00e0ng truy c\u1eadp website pandaspa.vn \u0111\u1ec3 xem v\u00e0 ch\u1ecdn d\u1ecbch v\u1ee5 spa ph\u00f9 h\u1ee3p v\u1edbi nhu c\u1ea7u. \u2022 B\u01b0\u1edbc 2: \u0110\u1eb7t d\u1ecbch v\u1ee5 Sau khi ch\u1ecdn \u0111\u01b0\u1ee3c d\u1ecbch v\u1ee5, kh\u00e1ch h\u00e0ng ti\u1ebfn h\u00e0nh \u0111i\u1ec1n \u0111\u1ea7y \u0111\u1ee7 c\u00e1c th\u00f4ng tin c\u00e1 nh\u00e2n (h\u1ecd [&hellip;]<\/p>\n","protected":false},"author":1,"featured_media":0,"parent":0,"menu_order":8,"comment_status":"closed","ping_status":"closed","template":"","meta":{"_acf_changed":false,"inline_featured_image":false,"footnotes":""},"class_list":["post-4890","page","type-page","status-publish","hentry"],"acf":[],"yoast_head":"<!-- This site is optimized with the Yoast SEO plugin v23.0 - https:\/\/yoast.com\/wordpress\/plugins\/seo\/ -->\n<title>Ch\u00ednh s\u00e1ch \u0111\u1eb7t d\u1ecbch v\u1ee5 v\u00e0 v\u1eadn chuy\u1ec3n - Panda Spa<\/title>\n<meta name=\"robots\" content=\"index, follow, max-snippet:-1, max-image-preview:large, max-video-preview:-1\" \/>\n<link rel=\"canonical\" href=\"https:\/\/pandaspa.vn\/kr\/chinh-sach-dat-dich-vu-va-van-chuyen\/\" \/>\n<meta property=\"og:locale\" content=\"vi_VN\" \/>\n<meta property=\"og:type\" content=\"article\" \/>\n<meta property=\"og:title\" content=\"Ch\u00ednh s\u00e1ch \u0111\u1eb7t d\u1ecbch v\u1ee5 v\u00e0 v\u1eadn chuy\u1ec3n - Panda Spa\" \/>\n<meta property=\"og:description\" content=\"1. Ch\u00ednh s\u00e1ch mua h\u00e0ng \u2022 B\u01b0\u1edbc 1: L\u1ef1a ch\u1ecdn d\u1ecbch v\u1ee5 Kh\u00e1ch h\u00e0ng truy c\u1eadp website pandaspa.vn \u0111\u1ec3 xem v\u00e0 ch\u1ecdn d\u1ecbch v\u1ee5 spa ph\u00f9 h\u1ee3p v\u1edbi nhu c\u1ea7u. \u2022 B\u01b0\u1edbc 2: \u0110\u1eb7t d\u1ecbch v\u1ee5 Sau khi ch\u1ecdn \u0111\u01b0\u1ee3c d\u1ecbch v\u1ee5, kh\u00e1ch h\u00e0ng ti\u1ebfn h\u00e0nh \u0111i\u1ec1n \u0111\u1ea7y \u0111\u1ee7 c\u00e1c th\u00f4ng tin c\u00e1 nh\u00e2n (h\u1ecd [&hellip;]\" \/>\n<meta property=\"og:url\" content=\"https:\/\/pandaspa.vn\/kr\/chinh-sach-dat-dich-vu-va-van-chuyen\/\" \/>\n<meta property=\"og:site_name\" content=\"Panda Spa\" \/>\n<meta property=\"article:publisher\" content=\"https:\/\/www.facebook.com\/danangpandaspa\" \/>\n<meta property=\"og:image\" content=\"https:\/\/pandaspa.vn\/wp-content\/uploads\/2025\/04\/pandaspa-massage-da-nang.jpg\" \/>\n\t<meta property=\"og:image:width\" content=\"1000\" \/>\n\t<meta property=\"og:image:height\" content=\"1000\" \/>\n\t<meta property=\"og:image:type\" content=\"image\/jpeg\" \/>\n<meta name=\"twitter:card\" content=\"summary_large_image\" \/>\n<meta name=\"twitter:site\" content=\"@pandaspadana\" \/>\n<script type=\"application\/ld+json\" class=\"yoast-schema-graph\">{\"@context\":\"https:\/\/schema.org\",\"@graph\":[{\"@type\":\"WebPage\",\"@id\":\"https:\/\/pandaspa.vn\/kr\/chinh-sach-dat-dich-vu-va-van-chuyen\/\",\"url\":\"https:\/\/pandaspa.vn\/kr\/chinh-sach-dat-dich-vu-va-van-chuyen\/\",\"name\":\"Ch\u00ednh s\u00e1ch \u0111\u1eb7t d\u1ecbch v\u1ee5 v\u00e0 v\u1eadn chuy\u1ec3n - Panda Spa\",\"isPartOf\":{\"@id\":\"https:\/\/pandaspa.vn\/#website\"},\"datePublished\":\"2025-01-13T07:57:20+00:00\",\"dateModified\":\"2025-01-13T07:57:20+00:00\",\"breadcrumb\":{\"@id\":\"https:\/\/pandaspa.vn\/kr\/chinh-sach-dat-dich-vu-va-van-chuyen\/#breadcrumb\"},\"inLanguage\":\"vi\",\"potentialAction\":[{\"@type\":\"ReadAction\",\"target\":[\"https:\/\/pandaspa.vn\/kr\/chinh-sach-dat-dich-vu-va-van-chuyen\/\"]}]},{\"@type\":\"BreadcrumbList\",\"@id\":\"https:\/\/pandaspa.vn\/kr\/chinh-sach-dat-dich-vu-va-van-chuyen\/#breadcrumb\",\"itemListElement\":[{\"@type\":\"ListItem\",\"position\":1,\"name\":\"\uc9d1\",\"item\":\"https:\/\/pandaspa.vn\/\"},{\"@type\":\"ListItem\",\"position\":2,\"name\":\"(Ti\u1ebfng Vi\u1ec7t) Ch\u00ednh s\u00e1ch \u0111\u1eb7t d\u1ecbch v\u1ee5 v\u00e0 v\u1eadn chuy\u1ec3n\"}]},{\"@type\":\"WebSite\",\"@id\":\"https:\/\/pandaspa.vn\/#website\",\"url\":\"https:\/\/pandaspa.vn\/\",\"name\":\"Panda Spa\",\"description\":\"Top Spa &amp; Massage t\u1ea1i \u0110\u00e0 N\u1eb5ng\",\"publisher\":{\"@id\":\"https:\/\/pandaspa.vn\/#organization\"},\"potentialAction\":[{\"@type\":\"SearchAction\",\"target\":{\"@type\":\"EntryPoint\",\"urlTemplate\":\"https:\/\/pandaspa.vn\/?s={search_term_string}\"},\"query-input\":\"required name=search_term_string\"}],\"inLanguage\":\"vi\"},{\"@type\":\"Organization\",\"@id\":\"https:\/\/pandaspa.vn\/#organization\",\"name\":\"Panda Spa Da Nang\",\"url\":\"https:\/\/pandaspa.vn\/\",\"logo\":{\"@type\":\"ImageObject\",\"inLanguage\":\"vi\",\"@id\":\"https:\/\/pandaspa.vn\/#\/schema\/logo\/image\/\",\"url\":\"https:\/\/pandaspa.vn\/wp-content\/uploads\/2025\/04\/pandaspa-massage-da-nang.jpg\",\"contentUrl\":\"https:\/\/pandaspa.vn\/wp-content\/uploads\/2025\/04\/pandaspa-massage-da-nang.jpg\",\"width\":1000,\"height\":1000,\"caption\":\"Panda Spa Da Nang\"},\"image\":{\"@id\":\"https:\/\/pandaspa.vn\/#\/schema\/logo\/image\/\"},\"sameAs\":[\"https:\/\/www.facebook.com\/danangpandaspa\",\"https:\/\/x.com\/pandaspadana\",\"https:\/\/www.instagram.com\/pandaspa.danang\/\",\"https:\/\/www.linkedin.com\/in\/pandaspadanang\/\",\"https:\/\/myspace.com\/pandaspadanang\/\",\"https:\/\/www.pinterest.com\/pandaspadanang\/\",\"https:\/\/www.youtube.com\/channel\/UCLIAR7yGKmHWag343CPQ9rA\"]}]}<\/script>\n<!-- \/ Yoast SEO plugin. -->","yoast_head_json":{"title":"Ch\u00ednh s\u00e1ch \u0111\u1eb7t d\u1ecbch v\u1ee5 v\u00e0 v\u1eadn chuy\u1ec3n - Panda Spa","robots":{"index":"index","follow":"follow","max-snippet":"max-snippet:-1","max-image-preview":"max-image-preview:large","max-video-preview":"max-video-preview:-1"},"canonical":"https:\/\/pandaspa.vn\/kr\/chinh-sach-dat-dich-vu-va-van-chuyen\/","og_locale":"vi_VN","og_type":"article","og_title":"Ch\u00ednh s\u00e1ch \u0111\u1eb7t d\u1ecbch v\u1ee5 v\u00e0 v\u1eadn chuy\u1ec3n - Panda Spa","og_description":"1. Ch\u00ednh s\u00e1ch mua h\u00e0ng \u2022 B\u01b0\u1edbc 1: L\u1ef1a ch\u1ecdn d\u1ecbch v\u1ee5 Kh\u00e1ch h\u00e0ng truy c\u1eadp website pandaspa.vn \u0111\u1ec3 xem v\u00e0 ch\u1ecdn d\u1ecbch v\u1ee5 spa ph\u00f9 h\u1ee3p v\u1edbi nhu c\u1ea7u. \u2022 B\u01b0\u1edbc 2: \u0110\u1eb7t d\u1ecbch v\u1ee5 Sau khi ch\u1ecdn \u0111\u01b0\u1ee3c d\u1ecbch v\u1ee5, kh\u00e1ch h\u00e0ng ti\u1ebfn h\u00e0nh \u0111i\u1ec1n \u0111\u1ea7y \u0111\u1ee7 c\u00e1c th\u00f4ng tin c\u00e1 nh\u00e2n (h\u1ecd [&hellip;]","og_url":"https:\/\/pandaspa.vn\/kr\/chinh-sach-dat-dich-vu-va-van-chuyen\/","og_site_name":"Panda Spa","article_publisher":"https:\/\/www.facebook.com\/danangpandaspa","og_image":[{"width":1000,"height":1000,"url":"https:\/\/pandaspa.vn\/wp-content\/uploads\/2025\/04\/pandaspa-massage-da-nang.jpg","type":"image\/jpeg"}],"twitter_card":"summary_large_image","twitter_site":"@pandaspadana","schema":{"@context":"https:\/\/schema.org","@graph":[{"@type":"WebPage","@id":"https:\/\/pandaspa.vn\/kr\/chinh-sach-dat-dich-vu-va-van-chuyen\/","url":"https:\/\/pandaspa.vn\/kr\/chinh-sach-dat-dich-vu-va-van-chuyen\/","name":"Ch\u00ednh s\u00e1ch \u0111\u1eb7t d\u1ecbch v\u1ee5 v\u00e0 v\u1eadn chuy\u1ec3n - Panda Spa","isPartOf":{"@id":"https:\/\/pandaspa.vn\/#website"},"datePublished":"2025-01-13T07:57:20+00:00","dateModified":"2025-01-13T07:57:20+00:00","breadcrumb":{"@id":"https:\/\/pandaspa.vn\/kr\/chinh-sach-dat-dich-vu-va-van-chuyen\/#breadcrumb"},"inLanguage":"vi","potentialAction":[{"@type":"ReadAction","target":["https:\/\/pandaspa.vn\/kr\/chinh-sach-dat-dich-vu-va-van-chuyen\/"]}]},{"@type":"BreadcrumbList","@id":"https:\/\/pandaspa.vn\/kr\/chinh-sach-dat-dich-vu-va-van-chuyen\/#breadcrumb","itemListElement":[{"@type":"ListItem","position":1,"name":"\uc9d1","item":"https:\/\/pandaspa.vn\/"},{"@type":"ListItem","position":2,"name":"(Ti\u1ebfng Vi\u1ec7t) Ch\u00ednh s\u00e1ch \u0111\u1eb7t d\u1ecbch v\u1ee5 v\u00e0 v\u1eadn chuy\u1ec3n"}]},{"@type":"WebSite","@id":"https:\/\/pandaspa.vn\/#website","url":"https:\/\/pandaspa.vn\/","name":"Panda Spa","description":"Top Spa &amp; Massage t\u1ea1i \u0110\u00e0 N\u1eb5ng","publisher":{"@id":"https:\/\/pandaspa.vn\/#organization"},"potentialAction":[{"@type":"SearchAction","target":{"@type":"EntryPoint","urlTemplate":"https:\/\/pandaspa.vn\/?s={search_term_string}"},"query-input":"required name=search_term_string"}],"inLanguage":"vi"},{"@type":"Organization","@id":"https:\/\/pandaspa.vn\/#organization","name":"Panda Spa Da Nang","url":"https:\/\/pandaspa.vn\/","logo":{"@type":"ImageObject","inLanguage":"vi","@id":"https:\/\/pandaspa.vn\/#\/schema\/logo\/image\/","url":"https:\/\/pandaspa.vn\/wp-content\/uploads\/2025\/04\/pandaspa-massage-da-nang.jpg","contentUrl":"https:\/\/pandaspa.vn\/wp-content\/uploads\/2025\/04\/pandaspa-massage-da-nang.jpg","width":1000,"height":1000,"caption":"Panda Spa Da Nang"},"image":{"@id":"https:\/\/pandaspa.vn\/#\/schema\/logo\/image\/"},"sameAs":["https:\/\/www.facebook.com\/danangpandaspa","https:\/\/x.com\/pandaspadana","https:\/\/www.instagram.com\/pandaspa.danang\/","https:\/\/www.linkedin.com\/in\/pandaspadanang\/","https:\/\/myspace.com\/pandaspadanang\/","https:\/\/www.pinterest.com\/pandaspadanang\/","https:\/\/www.youtube.com\/channel\/UCLIAR7yGKmHWag343CPQ9rA"]}]}},"_links":{"self":[{"href":"https:\/\/pandaspa.vn\/vi\/wp-json\/wp\/v2\/pages\/4890","targetHints":{"allow":["GET"]}}],"collection":[{"href":"https:\/\/pandaspa.vn\/vi\/wp-json\/wp\/v2\/pages"}],"about":[{"href":"https:\/\/pandaspa.vn\/vi\/wp-json\/wp\/v2\/types\/page"}],"author":[{"embeddable":true,"href":"https:\/\/pandaspa.vn\/vi\/wp-json\/wp\/v2\/users\/1"}],"replies":[{"embeddable":true,"href":"https:\/\/pandaspa.vn\/vi\/wp-json\/wp\/v2\/comments?post=4890"}],"version-history":[{"count":1,"href":"https:\/\/pandaspa.vn\/vi\/wp-json\/wp\/v2\/pages\/4890\/revisions"}],"predecessor-version":[{"id":4891,"href":"https:\/\/pandaspa.vn\/vi\/wp-json\/wp\/v2\/pages\/4890\/revisions\/4891"}],"wp:attachment":[{"href":"https:\/\/pandaspa.vn\/vi\/wp-json\/wp\/v2\/media?parent=4890"}],"curies":[{"name":"wp","href":"https:\/\/api.w.org\/{rel}","templated":true}]}}